{"id":10,"date":"2021-07-27T08:14:51","date_gmt":"2021-07-27T06:14:51","guid":{"rendered":"http:\/\/anima24.opti-net.pl\/?page_id=10"},"modified":"2021-07-27T08:19:38","modified_gmt":"2021-07-27T06:19:38","slug":"o-nas","status":"publish","type":"page","link":"http:\/\/anima24.com\/index.php\/o-nas\/","title":{"rendered":"O NAS"},"content":{"rendered":"<div id=\"pl-10\"  class=\"panel-layout\" ><div id=\"pg-10-0\"  class=\"panel-grid panel-no-style\" ><div id=\"pgc-10-0-0\"  class=\"panel-grid-cell\" ><div id=\"panel-10-0-0-0\" class=\"so-panel widget widget_sow-editor panel-first-child panel-last-child\" data-index=\"0\" ><div\n\t\t\t\n\t\t\tclass=\"so-widget-sow-editor so-widget-sow-editor-base\"\n\t\t\t\n\t\t><h3 class=\"widget-title\">\u0141amiemy schematy na rynku budowlanym!<\/h3>\n<div class=\"siteorigin-widget-tinymce textwidget\">\n\t<div id=\"component\" class=\"span12\">\n<div class=\"page-item page-item__\">\n<div class=\"item_fulltext\">\n<p><strong>Kim jeste\u015bmy?<\/strong><\/p>\n<p>Wybierz prac\u0119 kt\u00f3r\u0105 kochasz, a nie b\u0119dziesz musia\u0142 przepracowa\u0107 ani jednego dnia. W\u0142a\u015bnie t\u0105 maksym\u0105 kierowali\u015bmy si\u0119 zak\u0142adaj\u0105c nasz\u0105 firm\u0119 i w ten spos\u00f3b stworzyli\u015bmy firm\u0119 \u0142\u0105cz\u0105c\u0105 hobby ze sposobem na \u017cycie. Nasz zesp\u00f3\u0142 jest stworzony ze specjalist\u00f3w dla kt\u00f3rych budownictwo jest pasj\u0105, dzi\u0119ki czemu w ka\u017cdy projekt anga\u017cujemy si\u0119 w pe\u0142ni.<\/p>\n<p>Jeste\u015bmy grup\u0105 perfekcjonist\u00f3w dla kt\u00f3rych jako\u015b\u0107 us\u0142ug i zadowolenie klienta jest najwa\u017cniejsze, za\u015b w pracy po\u015bwi\u0119camy si\u0119 w 100%. Uwielbiamy \u0142ama\u0107 schematy - gdy kto\u015b nam m\u00f3wi \u017ce czego\u015b si\u0119 nie da, pokazujemy \u017ce to nic trudnego! Gdy inni stawiaj\u0105 albo na jako\u015b\u0107 albo na cen\u0119, my pokazujemy \u017ce mo\u017cna mie\u0107 najwy\u017csz\u0105 jako\u015b\u0107 i to przy rozs\u0105dnej cenie! Kochamy to co robimy, robimy to z pasj\u0105, a nasza pasja jest si\u0142\u0105 nap\u0119dow\u0105 do \u0142amania schemat\u00f3w obecnych na rynku.<\/p>\n<p>&nbsp;<\/p>\n<p><strong>\u00a0Co robimy?<\/strong><\/p>\n<p>Zajmujemy si\u0119 kompleksow\u0105 dzia\u0142alno\u015bci\u0105 remontowo-wyko\u0144czeniow\u0105 wewn\u0105trz oraz na zewn\u0105trz budynk\u00f3w. Posiadamy bogat\u0105 wiedz\u0119 podpart\u0105 umiej\u0119tno\u015bciami praktycznymi w bran\u017cy budowlanej, nowoczesne, profesjonalne zaplecze techniczne, umo\u017cliwiaj\u0105ce realizacj\u0119 prac szybko a przede wszystkim w najwy\u017cszej jako\u015bci. Podczas wykonywania us\u0142ug korzystamy r\u00f3wnie\u017c z najlepszych materia\u0142\u00f3w, gdy\u017c wykonuj\u0105c prace stawiamy na jako\u015b\u0107 oraz precyzje, za\u015b najwy\u017csza mo\u017ce zosta\u0107 uzyskana tylko przy u\u017cyciu odpowiednich materia\u0142\u00f3w.<\/p>\n<p>Z ka\u017cdym dniem umacniamy swoj\u0105 pozycj\u0119 staj\u0105c si\u0119 liderami w kolejnych regionach. Nie by\u0142oby to mo\u017cliwe gdyby nie docenienie naszej jako\u015bci i kompleksowo\u015bci us\u0142ug przez naszych klient\u00f3w, za co jeste\u015bmy niezmiernie wdzi\u0119czni. Fakt ten pokazuje nam, \u017ce droga kt\u00f3r\u0105 pod\u0105\u017camy jest drog\u0105 s\u0142uszn\u0105. Dbanie o klienta, o jego potrzeby, o najwy\u017csz\u0105 jako\u015b\u0107 wykonywanych us\u0142ug i przede wszystkim ci\u0119\u017cka praca jest dobr\u0105 drog\u0105 do sukcesu!<\/p>\n<p>&nbsp;<\/p>\n<p><strong>\u00a0Dlaczego si\u0119 tym zajmujemy?<\/strong><\/p>\n<p>Od d\u0142u\u017cszego czasu podczas pracy w bran\u017cy budowlanej dostrzegali\u015bmy ogromny dysonans pomi\u0119dzy jako\u015bci\u0105 a cen\u0105 oferowanych na rynku budowlanym us\u0142ug, przez co klient musia\u0142 wybiera\u0107 - albo wysoka jako\u015b\u0107 i wysoka cena, albo niska cena i niska jako\u015b\u0107. Ewidentnie widoczne by\u0142o r\u00f3wnie\u017c przedmiotowe podej\u015bcie do klienta, traktowanie klienta jako \"kasy\" i nie dbanie o jego potrzeby. Nie godz\u0105c si\u0119 na takie podej\u015bcie, kieruj\u0105c si\u0119 poczuciem \u017ce mo\u017cna w pe\u0142ni odpowiada\u0107 na potrzeby klienta, stawiaj\u0105c jednocze\u015bnie na jako\u015b\u0107 wykonywanych us\u0142ug, kompleksow\u0105 obs\u0142ug\u0119 i nie stawia\u0107 zawy\u017conych wymaga\u0144 finansowych postanowili\u015bmy stworzy\u0107 firm\u0119 budowlan\u0105 inn\u0105 ni\u017c wszystkie.<\/p>\n<p>Tak w 2010 r. powsta\u0142a firma Anima. Od tamtej pory \u0142amiemy wszelkie schematy obecne na rynku budowlanym. Idziemy drog\u0105 ci\u0119\u017csz\u0105, drog\u0105 pod pr\u0105d, ale zadowolenie naszych klient\u00f3w i fakt \u017ce nasi klienci nie tylko polecaj\u0105 nasz\u0105 firm\u0119 swoim znajomym, ale sami nie chc\u0105 korzysta\u0107 z us\u0142ug innych firm na rynku pokazuje nam \u017ce droga kt\u00f3r\u0105 obrali\u015bmy jest s\u0142uszna. Potwierdza to r\u00f3wnie\u017c fakt \u017ce gdy wchodzimy na nowe rynki, szybko stajemy si\u0119 jednym z lider\u00f3w.<\/p>\n<\/div>\n<\/div>\n<\/div>\n<\/div>\n<\/div><\/div><\/div><\/div><\/div>","protected":false},"excerpt":{"rendered":"<p>Kim jeste\u015bmy? Wybierz prac\u0119 kt\u00f3r\u0105 kochasz, a nie b\u0119dziesz musia\u0142 przepracowa\u0107 ani jednego dnia. W\u0142a\u015bnie t\u0105 maksym\u0105 kierowali\u015bmy si\u0119 zak\u0142adaj\u0105c nasz\u0105 firm\u0119 i w ten spos\u00f3b stworzyli\u015bmy firm\u0119 \u0142\u0105cz\u0105c\u0105 hobby ze sposobem na \u017cycie. Nasz zesp\u00f3\u0142 jest stworzony ze specjalist\u00f3w dla kt\u00f3rych budownictwo jest pasj\u0105, dzi\u0119ki czemu w ka\u017cdy projekt anga\u017cujemy si\u0119 w pe\u0142ni. Jeste\u015bmy [&hellip;]<\/p>\n","protected":false},"author":1,"featured_media":0,"parent":0,"menu_order":0,"comment_status":"closed","ping_status":"closed","template":"","meta":{"footnotes":""},"class_list":["post-10","page","type-page","status-publish","hentry","post"],"_links":{"self":[{"href":"http:\/\/anima24.com\/index.php\/wp-json\/wp\/v2\/pages\/10","targetHints":{"allow":["GET"]}}],"collection":[{"href":"http:\/\/anima24.com\/index.php\/wp-json\/wp\/v2\/pages"}],"about":[{"href":"http:\/\/anima24.com\/index.php\/wp-json\/wp\/v2\/types\/page"}],"author":[{"embeddable":true,"href":"http:\/\/anima24.com\/index.php\/wp-json\/wp\/v2\/users\/1"}],"replies":[{"embeddable":true,"href":"http:\/\/anima24.com\/index.php\/wp-json\/wp\/v2\/comments?post=10"}],"version-history":[{"count":2,"href":"http:\/\/anima24.com\/index.php\/wp-json\/wp\/v2\/pages\/10\/revisions"}],"predecessor-version":[{"id":29,"href":"http:\/\/anima24.com\/index.php\/wp-json\/wp\/v2\/pages\/10\/revisions\/29"}],"wp:attachment":[{"href":"http:\/\/anima24.com\/index.php\/wp-json\/wp\/v2\/media?parent=10"}],"curies":[{"name":"wp","href":"https:\/\/api.w.org\/{rel}","templated":true}]}}